{"id":41,"date":"2018-02-27T15:19:06","date_gmt":"2018-02-27T14:19:06","guid":{"rendered":"http:\/\/falbinger-hof.it\/?page_id=41"},"modified":"2024-02-05T19:38:17","modified_gmt":"2024-02-05T18:38:17","slug":"zimmer-preise","status":"publish","type":"page","link":"http:\/\/falbinger-hof.it\/it\/zimmer-preise\/","title":{"rendered":"Camere &#038; Prezzi"},"content":{"rendered":"<p><\/p>\n<h2><span style=\"color: #993300;\">Per ferie da sogno a Villandro, in Valle Isarco<\/span><\/h2>\n<p>Svegliarsi in un mondo montano veramente unico come quello delle Dolomiti, aprire la finestra e respirare l\u2019aria fresca.<\/p>\n<p>Le nostre sei camere doppie (20m\u00b2) con balcone, bagno con WC, doccia o vasca da bagno e specchio.<br \/>\nTV \u2013 SAT con funzione radio e connessione <strong>Wi-Fi compresi<\/strong>.<\/p>\n<table>\n<tbody>\n<tr>\n<td><\/td>\n<td><span style=\"color: #993300;\"><strong>Camera doppia con prima colazione<\/strong><\/span><\/td>\n<\/tr>\n<tr>\n<td><strong>Primavera (marzo-maggio)<\/strong><\/td>\n<td>45,00 euro<\/td>\n<\/tr>\n<tr>\n<td><strong>Estate (giugno-agosto)<\/strong><\/td>\n<td>45,00 euro<\/td>\n<\/tr>\n<tr>\n<td><strong>Autunno (settembre-novembre)<\/strong><\/td>\n<td>45,00 euro<\/td>\n<\/tr>\n<tr>\n<td><strong>Inverno (dicembre-febbraio)<\/strong><\/td>\n<td>45,00 euro<\/td>\n<\/tr>\n<\/tbody>\n<\/table>\n<p>I prezzi si intendono a persona per giorno, colazione compresa (per almeno tre pernottamenti)<\/p>\n<p>Prezzi per i bambini (al giorno):<\/p>\n<ul>\n<li>0-3 anni: 5,00\u00a0Euro<\/li>\n<li>4-6 anni: 10,00 Euro<\/li>\n<li>7-12 anni: 15,00 Euro<\/li>\n<\/ul>\n<p>Ogni mattino Vi serviamo una sostanziosa colazione con croccanti variet\u00e0 di pane e specialit\u00e0 culinarie della regione, per farVi iniziare in forze la giornata! Chiaramente, avete la facolt\u00e0 di riservarVi un posto aggiuntivo nel nostro buffet per la colazione in qualit\u00e0 di ospite dell\u2019appartamento per le vacanze.<\/p>\n<p>Per tutte le persone, a partire dai 14 anni di et\u00e0, verr\u00e0 riscossa una tassa di soggiorno comunale (imposta locale) per un importo di 2,40 Euro a persona a notte. Tale tassa non \u00e8 compresa nell\u2019importo complessivo del Vostro soggiorno e dovr\u00e0 essere riscossa in loco.<\/p>\n<p>Vi preghiamo di portare con Voi i Vostri animali domestici unicamente a seguito di preventivi accordi preliminari e Vi preghiamo di voler comprendere che essi non potranno essere portati con s\u00e9 nella sala da pranzo.<\/p>\n<p><div id=\"envira-gallery-wrap-476\" class=\"envira-gallery-wrap envira-gallery-theme-base envira-lightbox-theme-base\" itemscope itemtype=\"https:\/\/schema.org\/ImageGallery\"><div style=\"opacity: 0.0\"  data-row-height=\"150\" data-gallery-theme=\"normal\" id=\"envira-gallery-476\" class=\"envira-gallery-public envira-gallery-justified-public envira-gallery-0-columns envira-clear enviratope envira-gallery-css-animations\" data-envira-columns=\"0\"><div id=\"envira-gallery-item-601\" class=\"envira-gallery-item enviratope-item envira-gallery-item-1 envira-lazy-load\" style=\"padding-left: 5px; padding-bottom: 10px; padding-right: 5px;\"  itemscope itemtype=\"https:\/\/schema.org\/ImageObject\"><div class=\"envira-gallery-item-inner\"><div class=\"envira-gallery-position-overlay  envira-gallery-top-left\"><\/div><div class=\"envira-gallery-position-overlay  envira-gallery-top-right\"><\/div><div class=\"envira-gallery-position-overlay  envira-gallery-bottom-left\"><\/div><div class=\"envira-gallery-position-overlay  envira-gallery-bottom-right\"><\/div><a href=\"http:\/\/falbinger-hof.it\/wp-content\/uploads\/2019\/08\/IMG_0448.jpg\" class=\"envira-gallery-476 envira-gallery-link\" rel=\"enviragallery476\" title=\"IMG_0448\" data-envira-caption=\"IMG_0448\" data-envira-retina=\"\" data-thumbnail=\"\"  itemprop=\"contentUrl\"><img id=\"envira-gallery-image-601\" class=\"envira-gallery-image envira-gallery-image-1 envira-normal envira-lazy\" data-envira-index=\"1\" src=\"http:\/\/falbinger-hof.it\/wp-content\/uploads\/2019\/08\/IMG_0448-1024x683.jpg\" data-envira-src=\"http:\/\/falbinger-hof.it\/wp-content\/uploads\/2019\/08\/IMG_0448-1024x683.jpg\" data-envira-gallery-id=\"476\" data-envira-item-id=\"601\" data-envira-caption=\"IMG_0448\" alt=\"\" title=\"IMG_0448\"  itemprop=\"thumbnailUrl\" data-envira-srcset=\"http:\/\/falbinger-hof.it\/wp-content\/uploads\/2019\/08\/IMG_0448-1024x683.jpg 400w,http:\/\/falbinger-hof.it\/wp-content\/uploads\/2019\/08\/IMG_0448-1024x683.jpg 2x\" data-envira-width=\"300\" data-envira-height=\"200\" srcset=\"data:image\/gif;base64,R0lGODlhAQABAIAAAP\/\/\/\/\/\/\/yH5BAEKAAEALAAAAAABAAEAAAICTAEAOw==\" data-safe-src=\"data:image\/gif;base64,R0lGODlhAQABAIAAAP\/\/\/\/\/\/\/yH5BAEKAAEALAAAAAABAAEAAAICTAEAOw==\" \/><\/a><\/div><\/div><div id=\"envira-gallery-item-602\" class=\"envira-gallery-item enviratope-item envira-gallery-item-2 envira-lazy-load\" style=\"padding-left: 5px; padding-bottom: 10px; padding-right: 5px;\"  itemscope itemtype=\"https:\/\/schema.org\/ImageObject\"><div class=\"envira-gallery-item-inner\"><div class=\"envira-gallery-position-overlay  envira-gallery-top-left\"><\/div><div class=\"envira-gallery-position-overlay  envira-gallery-top-right\"><\/div><div class=\"envira-gallery-position-overlay  envira-gallery-bottom-left\"><\/div><div class=\"envira-gallery-position-overlay  envira-gallery-bottom-right\"><\/div><a href=\"http:\/\/falbinger-hof.it\/wp-content\/uploads\/2019\/08\/IMG_0449.jpg\" class=\"envira-gallery-476 envira-gallery-link\" rel=\"enviragallery476\" title=\"IMG_0449\" data-envira-caption=\"IMG_0449\" data-envira-retina=\"\" data-thumbnail=\"\"  itemprop=\"contentUrl\"><img id=\"envira-gallery-image-602\" class=\"envira-gallery-image envira-gallery-image-2 envira-normal envira-lazy\" data-envira-index=\"2\" src=\"http:\/\/falbinger-hof.it\/wp-content\/uploads\/2019\/08\/IMG_0449-1024x683.jpg\" data-envira-src=\"http:\/\/falbinger-hof.it\/wp-content\/uploads\/2019\/08\/IMG_0449-1024x683.jpg\" data-envira-gallery-id=\"476\" data-envira-item-id=\"602\" data-envira-caption=\"IMG_0449\" alt=\"\" title=\"IMG_0449\"  itemprop=\"thumbnailUrl\" data-envira-srcset=\"http:\/\/falbinger-hof.it\/wp-content\/uploads\/2019\/08\/IMG_0449-1024x683.jpg 400w,http:\/\/falbinger-hof.it\/wp-content\/uploads\/2019\/08\/IMG_0449-1024x683.jpg 2x\" data-envira-width=\"300\" data-envira-height=\"200\" srcset=\"data:image\/gif;base64,R0lGODlhAQABAIAAAP\/\/\/\/\/\/\/yH5BAEKAAEALAAAAAABAAEAAAICTAEAOw==\" data-safe-src=\"data:image\/gif;base64,R0lGODlhAQABAIAAAP\/\/\/\/\/\/\/yH5BAEKAAEALAAAAAABAAEAAAICTAEAOw==\" \/><\/a><\/div><\/div><div id=\"envira-gallery-item-603\" class=\"envira-gallery-item enviratope-item envira-gallery-item-3 envira-lazy-load\" style=\"padding-left: 5px; padding-bottom: 10px; padding-right: 5px;\"  itemscope itemtype=\"https:\/\/schema.org\/ImageObject\"><div class=\"envira-gallery-item-inner\"><div class=\"envira-gallery-position-overlay  envira-gallery-top-left\"><\/div><div class=\"envira-gallery-position-overlay  envira-gallery-top-right\"><\/div><div class=\"envira-gallery-position-overlay  envira-gallery-bottom-left\"><\/div><div class=\"envira-gallery-position-overlay  envira-gallery-bottom-right\"><\/div><a href=\"http:\/\/falbinger-hof.it\/wp-content\/uploads\/2019\/08\/IMG_0454.jpg\" class=\"envira-gallery-476 envira-gallery-link\" rel=\"enviragallery476\" title=\"IMG_0454\" data-envira-caption=\"IMG_0454\" data-envira-retina=\"\" data-thumbnail=\"\"  itemprop=\"contentUrl\"><img id=\"envira-gallery-image-603\" class=\"envira-gallery-image envira-gallery-image-3 envira-normal envira-lazy\" data-envira-index=\"3\" src=\"http:\/\/falbinger-hof.it\/wp-content\/uploads\/2019\/08\/IMG_0454-1024x683.jpg\" data-envira-src=\"http:\/\/falbinger-hof.it\/wp-content\/uploads\/2019\/08\/IMG_0454-1024x683.jpg\" data-envira-gallery-id=\"476\" data-envira-item-id=\"603\" data-envira-caption=\"IMG_0454\" alt=\"\" title=\"IMG_0454\"  itemprop=\"thumbnailUrl\" data-envira-srcset=\"http:\/\/falbinger-hof.it\/wp-content\/uploads\/2019\/08\/IMG_0454-1024x683.jpg 400w,http:\/\/falbinger-hof.it\/wp-content\/uploads\/2019\/08\/IMG_0454-1024x683.jpg 2x\" data-envira-width=\"300\" data-envira-height=\"200\" srcset=\"data:image\/gif;base64,R0lGODlhAQABAIAAAP\/\/\/\/\/\/\/yH5BAEKAAEALAAAAAABAAEAAAICTAEAOw==\" data-safe-src=\"data:image\/gif;base64,R0lGODlhAQABAIAAAP\/\/\/\/\/\/\/yH5BAEKAAEALAAAAAABAAEAAAICTAEAOw==\" \/><\/a><\/div><\/div><div id=\"envira-gallery-item-605\" class=\"envira-gallery-item enviratope-item envira-gallery-item-4 envira-lazy-load\" style=\"padding-left: 5px; padding-bottom: 10px; padding-right: 5px;\"  itemscope itemtype=\"https:\/\/schema.org\/ImageObject\"><div class=\"envira-gallery-item-inner\"><div class=\"envira-gallery-position-overlay  envira-gallery-top-left\"><\/div><div class=\"envira-gallery-position-overlay  envira-gallery-top-right\"><\/div><div class=\"envira-gallery-position-overlay  envira-gallery-bottom-left\"><\/div><div class=\"envira-gallery-position-overlay  envira-gallery-bottom-right\"><\/div><a href=\"http:\/\/falbinger-hof.it\/wp-content\/uploads\/2019\/08\/IMG_0470.jpg\" class=\"envira-gallery-476 envira-gallery-link\" rel=\"enviragallery476\" title=\"IMG_0470\" data-envira-caption=\"IMG_0470\" data-envira-retina=\"\" data-thumbnail=\"\"  itemprop=\"contentUrl\"><img id=\"envira-gallery-image-605\" class=\"envira-gallery-image envira-gallery-image-4 envira-normal envira-lazy\" data-envira-index=\"4\" src=\"http:\/\/falbinger-hof.it\/wp-content\/uploads\/2019\/08\/IMG_0470-1024x683.jpg\" data-envira-src=\"http:\/\/falbinger-hof.it\/wp-content\/uploads\/2019\/08\/IMG_0470-1024x683.jpg\" data-envira-gallery-id=\"476\" data-envira-item-id=\"605\" data-envira-caption=\"IMG_0470\" alt=\"\" title=\"IMG_0470\"  itemprop=\"thumbnailUrl\" data-envira-srcset=\"http:\/\/falbinger-hof.it\/wp-content\/uploads\/2019\/08\/IMG_0470-1024x683.jpg 400w,http:\/\/falbinger-hof.it\/wp-content\/uploads\/2019\/08\/IMG_0470-1024x683.jpg 2x\" data-envira-width=\"300\" data-envira-height=\"200\" srcset=\"data:image\/gif;base64,R0lGODlhAQABAIAAAP\/\/\/\/\/\/\/yH5BAEKAAEALAAAAAABAAEAAAICTAEAOw==\" data-safe-src=\"data:image\/gif;base64,R0lGODlhAQABAIAAAP\/\/\/\/\/\/\/yH5BAEKAAEALAAAAAABAAEAAAICTAEAOw==\" \/><\/a><\/div><\/div><div id=\"envira-gallery-item-600\" class=\"envira-gallery-item enviratope-item envira-gallery-item-5 envira-lazy-load\" style=\"padding-left: 5px; padding-bottom: 10px; padding-right: 5px;\"  itemscope itemtype=\"https:\/\/schema.org\/ImageObject\"><div class=\"envira-gallery-item-inner\"><div class=\"envira-gallery-position-overlay  envira-gallery-top-left\"><\/div><div class=\"envira-gallery-position-overlay  envira-gallery-top-right\"><\/div><div class=\"envira-gallery-position-overlay  envira-gallery-bottom-left\"><\/div><div class=\"envira-gallery-position-overlay  envira-gallery-bottom-right\"><\/div><a href=\"http:\/\/falbinger-hof.it\/wp-content\/uploads\/2019\/08\/2019_07_27_0068.jpg\" class=\"envira-gallery-476 envira-gallery-link\" rel=\"enviragallery476\" title=\"Urlaub in Villanders (S\u00fcdtirol); Blick von meinem Balkon\" data-envira-caption=\"Urlaub in Villanders (S\u00fcdtirol); Blick von meinem Balkon\" data-envira-retina=\"\" data-thumbnail=\"\"  itemprop=\"contentUrl\"><img id=\"envira-gallery-image-600\" class=\"envira-gallery-image envira-gallery-image-5 envira-normal envira-lazy\" data-envira-index=\"5\" src=\"http:\/\/falbinger-hof.it\/wp-content\/uploads\/2019\/08\/2019_07_27_0068-1024x683.jpg\" data-envira-src=\"http:\/\/falbinger-hof.it\/wp-content\/uploads\/2019\/08\/2019_07_27_0068-1024x683.jpg\" data-envira-gallery-id=\"476\" data-envira-item-id=\"600\" data-envira-caption=\"Urlaub in Villanders (S\u00fcdtirol); Blick von meinem Balkon\" alt=\"\" title=\"Urlaub in Villanders (S\u00fcdtirol); Blick von meinem Balkon\"  itemprop=\"thumbnailUrl\" data-envira-srcset=\"http:\/\/falbinger-hof.it\/wp-content\/uploads\/2019\/08\/2019_07_27_0068-1024x683.jpg 400w,http:\/\/falbinger-hof.it\/wp-content\/uploads\/2019\/08\/2019_07_27_0068-1024x683.jpg 2x\" data-envira-width=\"300\" data-envira-height=\"200\" srcset=\"data:image\/gif;base64,R0lGODlhAQABAIAAAP\/\/\/\/\/\/\/yH5BAEKAAEALAAAAAABAAEAAAICTAEAOw==\" data-safe-src=\"data:image\/gif;base64,R0lGODlhAQABAIAAAP\/\/\/\/\/\/\/yH5BAEKAAEALAAAAAABAAEAAAICTAEAOw==\" \/><\/a><\/div><\/div><\/div><\/div><noscript><img src=\"http:\/\/falbinger-hof.it\/wp-content\/uploads\/2019\/08\/IMG_0448.jpg\" alt=\"\" \/><img src=\"http:\/\/falbinger-hof.it\/wp-content\/uploads\/2019\/08\/IMG_0449.jpg\" alt=\"\" \/><img src=\"http:\/\/falbinger-hof.it\/wp-content\/uploads\/2019\/08\/IMG_0454.jpg\" alt=\"\" \/><img src=\"http:\/\/falbinger-hof.it\/wp-content\/uploads\/2019\/08\/IMG_0470.jpg\" alt=\"\" \/><img src=\"http:\/\/falbinger-hof.it\/wp-content\/uploads\/2019\/08\/2019_07_27_0068.jpg\" alt=\"\" \/><\/noscript><\/p>","protected":false},"excerpt":{"rendered":"<p>Per ferie da sogno a Villandro, in Valle Isarco Svegliarsi in un mondo montano veramente unico come quello delle Dolomiti, aprire la finestra e respirare l\u2019aria fresca. Le nostre sei camere doppie (20m\u00b2) con balcone, bagno con WC, doccia o vasca da bagno e specchio. TV \u2013 SAT con funzione radio e connessione Wi-Fi compresi.Continue reading &rarr;<\/p>\n","protected":false},"author":7,"featured_media":606,"parent":0,"menu_order":0,"comment_status":"closed","ping_status":"closed","template":"","meta":[],"_links":{"self":[{"href":"http:\/\/falbinger-hof.it\/it\/wp-json\/wp\/v2\/pages\/41"}],"collection":[{"href":"http:\/\/falbinger-hof.it\/it\/wp-json\/wp\/v2\/pages"}],"about":[{"href":"http:\/\/falbinger-hof.it\/it\/wp-json\/wp\/v2\/types\/page"}],"author":[{"embeddable":true,"href":"http:\/\/falbinger-hof.it\/it\/wp-json\/wp\/v2\/users\/7"}],"replies":[{"embeddable":true,"href":"http:\/\/falbinger-hof.it\/it\/wp-json\/wp\/v2\/comments?post=41"}],"version-history":[{"count":14,"href":"http:\/\/falbinger-hof.it\/it\/wp-json\/wp\/v2\/pages\/41\/revisions"}],"predecessor-version":[{"id":660,"href":"http:\/\/falbinger-hof.it\/it\/wp-json\/wp\/v2\/pages\/41\/revisions\/660"}],"wp:featuredmedia":[{"embeddable":true,"href":"http:\/\/falbinger-hof.it\/it\/wp-json\/wp\/v2\/media\/606"}],"wp:attachment":[{"href":"http:\/\/falbinger-hof.it\/it\/wp-json\/wp\/v2\/media?parent=41"}],"curies":[{"name":"wp","href":"https:\/\/api.w.org\/{rel}","templated":true}]}}