{"id":59,"date":"2018-02-27T15:32:41","date_gmt":"2018-02-27T14:32:41","guid":{"rendered":"http:\/\/falbinger-hof.it\/?page_id=59"},"modified":"2018-07-30T14:17:09","modified_gmt":"2018-07-30T12:17:09","slug":"impressum","status":"publish","type":"page","link":"http:\/\/falbinger-hof.it\/it\/impressum\/","title":{"rendered":"Editoriale"},"content":{"rendered":"<p><\/p>\n<h2>Proprietario e responsabile per i contenuti<\/h2>\n<p>Winkler Maria<br \/>\nIm Peuren, 15<br \/>\nI-39030 S. Sigismondo\/Chienes (BZ)<br \/>\nTel. +39\u00a0331 2952631<br \/>\nE-Mail: info@falbinger-hof.it<br \/>\nInternet: <a href=\"http:\/\/falbinger-hof.it\/index.html\">www.falbinger-hof.it<\/a><\/p>\n<p>Numero iscrizione camera di commercio: WNKMRA64M41L971H<br \/>\nNumero REA: BZ-152205<br \/>\nPartita IVA: IT01557910211<br \/>\nCodice fiscale: WNKMRA64M41L971H<br \/>\nResponsabile per il contenuto: Winkler Maria<\/p>\n<p>Informazione obbligatoria ai sensi del Regolamento UE n. 524\/2016 del Parlamento europeo e del Consiglio:<br \/>\nPiattaforma per la risoluzione delle controversie online dei consumatori (ODR) della Commissione europea: <a href=\"http:\/\/ec.europa.eu\/consumers\/odr\/\">http:\/\/ec.europa.eu\/consumers\/odr\/<\/a><\/p>\n<h2>Link disclaimer<\/h2>\n<p>La Impresa individuale di Winkler Maria \u00e8 impegnata a provvedere alla correttezza delle informazioni contenute nel presente sito web. Comunque non si garantisce per l&#8217;attualit\u00e0, correttezza e completezza per le informazioni rese a disposizione. Inoltre, la Impresa individuale di Winkler Maria non \u00e8 responsabile per il contenuto dei siti esterni connesse tramite hyperlink. La Impresa individuale di Winkler Maria si riserva il diritto di cambiare o completare le informazioni rese a disposizione senza preavviso.<\/p>\n<h2>Titolare del trattamento dei dati personali<\/h2>\n<p>Titolare del trattamento dei dati personali derivante dall&#8217;accesso e utilizzo del sito \u00e8 la Impresa individuale di Winkler Maria, con sede a I-39030 S. Sigismondo\/Chienes (BZ), Im Peuren, 15. Il garante della privacy \u00e8 la Signora Winkler Maria.<br \/>\nAl fine di conoscere in modo dettagliato le modalit\u00e0 di gestione del sito relativamente al trattamento dei dati degli utenti che lo consultano si rimanda alla pagina privacy policy.<\/p>\n<h2>Foto<\/h2>\n<p>Impresa individuale di Winkler Maria &#8211; \u00a9 2018<\/p>\n<p>Copyright &#8211; Condizioni di utilizzo del materiale pubblicato<\/p>\n<p>I diritti d&#8217;autore dei contenuti del sito web della Impresa individuale di Winkler Maria sono protetti. Tutti gli elementi dell&#8217;interfaccia grafica e le immagini che non siano gi\u00e0 protette dal diritto d&#8217;autore &#8211; \u00e8 di propriet\u00e0 e copyright di Impresa individuale di Winkler Maria.<br \/>\nLa riproduzione di informazioni, soprattutto l&#8217;utilizzo di testi, segmenti testuali o materiale grafico abbisogna della previa autorizzazione della Impresa individuale di Winkler Maria.<\/p>\n<p>Questo sito web \u00e8 stato offerto da Impresa individuale di Winkler Maria.<\/p>\n<p>\u00a9 Winkler Maria 2018 &#8211; Tutti i diritti riservati.<\/p>\n<h2>Realizzazione tecnica<\/h2>\n<p><strong>Magnus Srl<\/strong><br \/>\nVia Val Pusteria 22 A<br \/>\n39037 Rio di Pusteria (BZ)<br \/>\nItalia<\/p>\n<p>Tel. +39 0472 886141<br \/>\n<a href=\"mailto:info@magnus.it\">info@magnus.it<\/a><br \/>\n<a href=\"https:\/\/www.magnus.it\/\">www.magnus.it<\/a><\/p>","protected":false},"excerpt":{"rendered":"<p>Proprietario e responsabile per i contenuti Winkler Maria Im Peuren, 15 I-39030 S. Sigismondo\/Chienes (BZ) Tel. +39\u00a0331 2952631 E-Mail: info@falbinger-hof.it Internet: www.falbinger-hof.it Numero iscrizione camera di commercio: WNKMRA64M41L971H Numero REA: BZ-152205 Partita IVA: IT01557910211 Codice fiscale: WNKMRA64M41L971H Responsabile per il contenuto: Winkler Maria Informazione obbligatoria ai sensi del Regolamento UE n. 524\/2016 del Parlamento europeoContinue reading &rarr;<\/p>\n","protected":false},"author":7,"featured_media":0,"parent":0,"menu_order":0,"comment_status":"closed","ping_status":"closed","template":"","meta":[],"_links":{"self":[{"href":"http:\/\/falbinger-hof.it\/it\/wp-json\/wp\/v2\/pages\/59"}],"collection":[{"href":"http:\/\/falbinger-hof.it\/it\/wp-json\/wp\/v2\/pages"}],"about":[{"href":"http:\/\/falbinger-hof.it\/it\/wp-json\/wp\/v2\/types\/page"}],"author":[{"embeddable":true,"href":"http:\/\/falbinger-hof.it\/it\/wp-json\/wp\/v2\/users\/7"}],"replies":[{"embeddable":true,"href":"http:\/\/falbinger-hof.it\/it\/wp-json\/wp\/v2\/comments?post=59"}],"version-history":[{"count":14,"href":"http:\/\/falbinger-hof.it\/it\/wp-json\/wp\/v2\/pages\/59\/revisions"}],"predecessor-version":[{"id":566,"href":"http:\/\/falbinger-hof.it\/it\/wp-json\/wp\/v2\/pages\/59\/revisions\/566"}],"wp:attachment":[{"href":"http:\/\/falbinger-hof.it\/it\/wp-json\/wp\/v2\/media?parent=59"}],"curies":[{"name":"wp","href":"https:\/\/api.w.org\/{rel}","templated":true}]}}